{"id":4,"date":"2018-01-10T14:15:28","date_gmt":"2018-01-10T14:15:28","guid":{"rendered":"http:\/\/bridge129.qodeinteractive.com\/?page_id=4"},"modified":"2023-05-21T17:42:23","modified_gmt":"2023-05-21T17:42:23","slug":"anasayfa","status":"publish","type":"page","link":"https:\/\/alfaplusmakina.com\/","title":{"rendered":"Anasayfa"},"content":{"rendered":"<p>[vc_row css_animation=&#8221;&#8221; row_type=&#8221;row&#8221; use_row_as_full_screen_section=&#8221;no&#8221; type=&#8221;full_width&#8221; angled_section=&#8221;no&#8221; text_align=&#8221;left&#8221; background_image_as_pattern=&#8221;without_pattern&#8221; z_index=&#8221;&#8221;][vc_column][rev_slider_vc alias=&#8221;home-slider&#8221;][\/vc_column][\/vc_row][vc_row css_animation=&#8221;&#8221; row_type=&#8221;row&#8221; use_row_as_full_screen_section=&#8221;no&#8221; type=&#8221;grid&#8221; angled_section=&#8221;no&#8221; text_align=&#8221;center&#8221; background_image_as_pattern=&#8221;without_pattern&#8221; z_index=&#8221;&#8221; css=&#8221;.vc_custom_1515744295490{background-color: #ecebeb !important;}&#8221;][vc_column css=&#8221;.vc_custom_1515594685991{margin-top: -14% !important;}&#8221;][vc_row_inner row_type=&#8221;row&#8221; type=&#8221;full_width&#8221; text_align=&#8221;center&#8221; css_animation=&#8221;&#8221;][vc_column_inner offset=&#8221;vc_col-md-4&#8243;][qode_elements_holder number_of_columns=&#8221;one_column&#8221;][qode_elements_holder_item background_color=&#8221;#ffffff&#8221; item_padding=&#8221;13% 11% 13% 11%&#8221; advanced_animations=&#8221;no&#8221;][vc_single_image image=&#8221;305&#8243; img_size=&#8221;full&#8221; alignment=&#8221;center&#8221; qode_css_animation=&#8221;&#8221;][vc_empty_space height=&#8221;34px&#8221;][vc_column_text]<\/p>\n<h2>Teknik Servis<\/h2>\n<p>[\/vc_column_text][vc_empty_space height=&#8221;13px&#8221;][vc_column_text]23 y\u0131ll\u0131k geni\u015f tecr\u00fcbemiz ile jenerat\u00f6rlerinizin herhangi bir ar\u0131za durumunda h\u0131zl\u0131 ve etkili bir \u015fekilde onar\u0131lmas\u0131n\u0131 sa\u011flamaktay\u0131z.[\/vc_column_text][\/qode_elements_holder_item][\/qode_elements_holder][vc_empty_space height=&#8221;30px&#8221;][\/vc_column_inner][vc_column_inner offset=&#8221;vc_col-md-4&#8243;][qode_elements_holder number_of_columns=&#8221;one_column&#8221;][qode_elements_holder_item background_color=&#8221;#ffffff&#8221; item_padding=&#8221;13% 11% 13% 11%&#8221; advanced_animations=&#8221;no&#8221;][vc_single_image image=&#8221;304&#8243; img_size=&#8221;full&#8221; alignment=&#8221;center&#8221; qode_css_animation=&#8221;&#8221;][vc_empty_space height=&#8221;31px&#8221;][vc_column_text]<\/p>\n<h2>Periyodik Bak\u0131m<\/h2>\n<p>[\/vc_column_text][vc_empty_space height=&#8221;13px&#8221;][vc_column_text]Jenerat\u00f6rlerinizin d\u00fczenli ve kesintisiz \u00e7al\u0131\u015fmas\u0131 i\u00e7in periyodik bak\u0131ma ihtiya\u00e7 vard\u0131r. Y\u0131ll\u0131k periyodik bak\u0131m randevunuzu ald\u0131n\u0131z m\u0131![\/vc_column_text][\/qode_elements_holder_item][\/qode_elements_holder][vc_empty_space height=&#8221;30px&#8221;][\/vc_column_inner][vc_column_inner offset=&#8221;vc_col-md-4&#8243;][qode_elements_holder number_of_columns=&#8221;one_column&#8221;][qode_elements_holder_item background_color=&#8221;#fab012&#8243; item_padding=&#8221;13% 11% 13% 11%&#8221; advanced_animations=&#8221;no&#8221; item_padding_768_1024=&#8221;19% 11% 55px 11%&#8221;][vc_column_text]<\/p>\n<h2>\u0130leti\u015fim ve Destek<\/h2>\n<p>[\/vc_column_text][vc_empty_space height=&#8221;12px&#8221;][vc_column_text]<\/p>\n<h2>7\/24<\/h2>\n<p>[\/vc_column_text][vc_empty_space height=&#8221;22px&#8221;][vc_column_text]Teknik hizmet kadromuz ile sizlere en k\u0131sa s\u00fcrede ula\u015faca\u011f\u0131m\u0131zdan emin olabilirsiniz.[\/vc_column_text][vc_empty_space height=&#8221;22px&#8221;]<a  itemprop=\"url\" href=\"https:\/\/alfaplusmakina.com\/?page_id=213\" target=\"_self\" data-hover-background-color=#1a1a1a data-hover-border-color=#1a1a1a data-hover-color=#ffffff class=\"qbutton  default\" style=\"color: #1a1a1a; border-color: #ffffff; background-color: #ffffff;\">\u0130LET\u0130\u015e\u0130M<\/a>[\/qode_elements_holder_item][\/qode_elements_holder][\/vc_column_inner][\/vc_row_inner][\/vc_column][\/vc_row][vc_row css_animation=&#8221;&#8221; row_type=&#8221;row&#8221; use_row_as_full_screen_section=&#8221;no&#8221; type=&#8221;grid&#8221; angled_section=&#8221;no&#8221; text_align=&#8221;center&#8221; background_image_as_pattern=&#8221;without_pattern&#8221; padding_top=&#8221;87&#8243; padding_bottom=&#8221;65&#8243; z_index=&#8221;&#8221; css=&#8221;.vc_custom_1515744306795{background-color: #ecebeb !important;}&#8221;][vc_column width=&#8221;2\/3&#8243; offset=&#8221;vc_col-sm-offset-2&#8243;][vc_column_text]<\/p>\n<h1>Neler Yap\u0131yoruz<\/h1>\n<p>[\/vc_column_text][vc_separator type=&#8221;small&#8221; position=&#8221;center&#8221; color=&#8221;#fab012&#8243; thickness=&#8221;4&#8243; width=&#8221;48&#8243; up=&#8221;17&#8243; down=&#8221;25&#8243;][vc_column_text]<\/p>\n<h5>23 y\u0131ll\u0131k geni\u015f tecr\u00fcbemiz ile jenerat\u00f6rlerinizin herhangi bir ar\u0131za durumunda h\u0131zl\u0131 ve etkili bir \u015fekilde onar\u0131lmas\u0131n\u0131 sa\u011flamaktay\u0131z. Ayr\u0131ca, periyodik bak\u0131m, rutin kontroller, ya\u011f de\u011fi\u015fimi, filtre temizli\u011fi ve di\u011fer \u00f6nleyici bak\u0131m i\u015flemlerini ger\u00e7ekle\u015ftirerek jenerat\u00f6rlerin d\u00fczg\u00fcn \u00e7al\u0131\u015fmas\u0131n\u0131 sa\u011fl\u0131yoruz.<\/h5>\n<p>[\/vc_column_text][\/vc_column][\/vc_row][vc_row css_animation=&#8221;&#8221; row_type=&#8221;row&#8221; use_row_as_full_screen_section=&#8221;no&#8221; type=&#8221;grid&#8221; angled_section=&#8221;no&#8221; text_align=&#8221;left&#8221; background_image_as_pattern=&#8221;without_pattern&#8221; el_class=&#8221;slider-row&#8221; z_index=&#8221;5&#8243; css=&#8221;.vc_custom_1684525489737{background-color: #ecebeb !important;}&#8221;][vc_column][qode_content_slider direction_nav=&#8221;no&#8221; control_nav=&#8221;yes&#8221; control_nav_justify=&#8221;no&#8221;][qode_content_slider_item][qode_elements_holder number_of_columns=&#8221;two_columns&#8221; columns_proportion=&#8221;66_33&#8243;][qode_elements_holder_item advanced_animations=&#8221;no&#8221;][vc_single_image image=&#8221;283&#8243; img_size=&#8221;full&#8221; qode_css_animation=&#8221;&#8221;][\/qode_elements_holder_item][qode_elements_holder_item background_color=&#8221;#ffffff&#8221; background_image=&#8221;460&#8243; item_padding=&#8221;72px 51px 131px 55px&#8221; advanced_animations=&#8221;no&#8221; item_padding_1280_1440=&#8221;74px 40px 127px 65px&#8221; item_padding_1024_1280=&#8221;50px 40px 111px 40px&#8221; item_padding_768_1024=&#8221;20px 30px 18px 30px&#8221; item_padding_600_768=&#8221;100px 120px 100px 50px&#8221; item_padding_480_600=&#8221;100px 40px 100px 65px&#8221; item_padding_480=&#8221;30px 30px 80px 30px&#8221;][vc_column_text]<\/p>\n<h2>Fg Wilson Jenerat\u00f6r Servis ve Bak\u0131m<\/h2>\n<p>[\/vc_column_text][vc_separator type=&#8221;small&#8221; position=&#8221;left&#8221; color=&#8221;#fab012&#8243; thickness=&#8221;4&#8243; width=&#8221;48&#8243; up=&#8221;25&#8243; down=&#8221;29&#8243;][vc_column_text]Fg Wilson Jenerat\u00f6r Ar\u0131za Onar\u0131m\u0131, Periyodik Bak\u0131m\u0131, Yedek Par\u00e7a, Teknik Servis[\/vc_column_text][vc_empty_space height=&#8221;25&#8243;][vc_column_text]Fg wilson P1100E1, P1375E3, P1650E3, P1875E1, P2000E1, P 800E1, P900E1 modelleri servis hizmeti&#8230;[\/vc_column_text][\/qode_elements_holder_item][\/qode_elements_holder][\/qode_content_slider_item][qode_content_slider_item][qode_elements_holder number_of_columns=&#8221;two_columns&#8221; columns_proportion=&#8221;66_33&#8243;][qode_elements_holder_item advanced_animations=&#8221;no&#8221;][vc_single_image image=&#8221;286&#8243; img_size=&#8221;full&#8221; qode_css_animation=&#8221;&#8221;][\/qode_elements_holder_item][qode_elements_holder_item background_color=&#8221;#ffffff&#8221; background_image=&#8221;458&#8243; item_padding=&#8221;72px 51px 131px 55px&#8221; advanced_animations=&#8221;no&#8221; item_padding_1280_1440=&#8221;74px 40px 127px 65px&#8221; item_padding_1024_1280=&#8221;50px 40px 111px 40px&#8221; item_padding_768_1024=&#8221;20px 30px 18px 30px&#8221; item_padding_600_768=&#8221;100px 120px 100px 50px&#8221; item_padding_480_600=&#8221;100px 40px 100px 65px&#8221; item_padding_480=&#8221;30px 30px 80px 30px&#8221;][vc_column_text]<\/p>\n<h2>\u00c7ukurova Jenerat\u00f6r Servis ve Bak\u0131m<\/h2>\n<p>[\/vc_column_text][vc_separator type=&#8221;small&#8221; position=&#8221;left&#8221; color=&#8221;#fab012&#8243; thickness=&#8221;4&#8243; width=&#8221;48&#8243; up=&#8221;25&#8243; down=&#8221;29&#8243;][vc_column_text]\u00c7ukurova Jenerat\u00f6r Ar\u0131za Onar\u0131m\u0131, Periyodik Bak\u0131m\u0131, Yedek Par\u00e7a, Teknik Servis[\/vc_column_text][vc_empty_space height=&#8221;25&#8243;][vc_column_text]\u00c7ukurova CJ1400P, CJ1100P, CJ800P modelleri servis hizmeti&#8230;[\/vc_column_text][\/qode_elements_holder_item][\/qode_elements_holder][\/qode_content_slider_item][qode_content_slider_item][qode_elements_holder number_of_columns=&#8221;two_columns&#8221; columns_proportion=&#8221;66_33&#8243;][qode_elements_holder_item advanced_animations=&#8221;no&#8221;][vc_single_image image=&#8221;287&#8243; img_size=&#8221;full&#8221; qode_css_animation=&#8221;&#8221;][\/qode_elements_holder_item][qode_elements_holder_item background_color=&#8221;#ffffff&#8221; background_image=&#8221;83&#8243; item_padding=&#8221;72px 51px 131px 55px&#8221; advanced_animations=&#8221;no&#8221; item_padding_1280_1440=&#8221;74px 40px 127px 65px&#8221; item_padding_1024_1280=&#8221;50px 40px 111px 40px&#8221; item_padding_768_1024=&#8221;20px 30px 18px 30px&#8221; item_padding_600_768=&#8221;100px 120px 100px 50px&#8221; item_padding_480_600=&#8221;100px 40px 100px 65px&#8221; item_padding_480=&#8221;30px 30px 80px 30px&#8221;][vc_column_text]<\/p>\n<h2>CAT Jenerat\u00f6r Servis ve Bak\u0131m<\/h2>\n<p>[\/vc_column_text][vc_separator type=&#8221;small&#8221; position=&#8221;left&#8221; color=&#8221;#fab012&#8243; thickness=&#8221;4&#8243; width=&#8221;48&#8243; up=&#8221;25&#8243; down=&#8221;29&#8243;][vc_column_text]CAT Jenerat\u00f6r Ar\u0131za Onar\u0131m\u0131, Periyodik Bak\u0131m\u0131, Yedek Par\u00e7a, Teknik Servis[\/vc_column_text][vc_empty_space height=&#8221;25&#8243;][vc_column_text]CAT modelleri servis hizmeti&#8230;[\/vc_column_text][\/qode_elements_holder_item][\/qode_elements_holder][\/qode_content_slider_item][\/qode_content_slider][\/vc_column][\/vc_row][vc_row css_animation=&#8221;&#8221; row_type=&#8221;row&#8221; use_row_as_full_screen_section=&#8221;no&#8221; type=&#8221;grid&#8221; angled_section=&#8221;no&#8221; text_align=&#8221;left&#8221; background_image_as_pattern=&#8221;without_pattern&#8221; background_color=&#8221;#ecebeb&#8221; z_index=&#8221;&#8221; css=&#8221;.vc_custom_1684527622996{background-color: #ecebeb !important;}&#8221;][vc_column width=&#8221;1\/4&#8243;][vc_column_text]<\/p>\n<h3 style=\"text-align: center;\">Ar\u0131za Onar\u0131m\u0131<\/h3>\n<p>[\/vc_column_text][vc_separator type=&#8221;normal&#8221;][vc_column_text]<\/p>\n<h5 style=\"text-align: center;\">Jenerat\u00f6rde meydana gelen herhangi bir ar\u0131za durumunda, teknik ekip ar\u0131zan\u0131n kayna\u011f\u0131n\u0131 tespit eder ve gerekli onar\u0131mlar\u0131 ger\u00e7ekle\u015ftirir. Elektriksel, mekanik veya yak\u0131t sistemleriyle ilgili sorunlar \u00fczerinde \u00e7al\u0131\u015f\u0131labilir.<\/h5>\n<p>[\/vc_column_text][\/vc_column][vc_column width=&#8221;1\/4&#8243;][vc_column_text]<\/p>\n<h3 style=\"text-align: center;\">Periyodik Bak\u0131m<\/h3>\n<p>[\/vc_column_text][vc_separator type=&#8221;normal&#8221;][vc_column_text]<\/p>\n<h5 style=\"text-align: center;\">Jenerat\u00f6rlerin d\u00fczenli olarak bak\u0131ma ihtiyac\u0131 vard\u0131r. Jenerat\u00f6r servisimiz, periyodik bak\u0131m programlar\u0131 sunar ve jenerat\u00f6rlerinizi optimal \u00e7al\u0131\u015fma durumunda tutar. Bu, ya\u011f de\u011fi\u015fimi, hava filtresi temizli\u011fi, yak\u0131t sistemi kontrol\u00fc ve di\u011fer \u00f6nleyici bak\u0131m i\u015flemlerini i\u00e7erir.<\/h5>\n<p>[\/vc_column_text][\/vc_column][vc_column width=&#8221;1\/4&#8243;][vc_column_text]<\/p>\n<h3 style=\"text-align: center;\">Yedek Par\u00e7a Temini<\/h3>\n<p>[\/vc_column_text][vc_separator type=&#8221;normal&#8221;][vc_column_text]<\/p>\n<h5 style=\"text-align: center;\">Alfa Plus Makina jenerat\u00f6r servisi, orijinal yedek par\u00e7alar\u0131n teminini sa\u011flar. Bu, jenerat\u00f6rdeki herhangi bir par\u00e7an\u0131n de\u011fi\u015ftirilmesi gerekti\u011finde orijinal ve kaliteli yedek par\u00e7alar\u0131n kullan\u0131lmas\u0131n\u0131 sa\u011flar.<\/h5>\n<p>[\/vc_column_text][\/vc_column][vc_column width=&#8221;1\/4&#8243;][vc_column_text]<\/p>\n<h3 style=\"text-align: center;\">Teknik Destek<\/h3>\n<p>[\/vc_column_text][vc_separator type=&#8221;normal&#8221;][vc_column_text]<\/p>\n<h5 style=\"text-align: center;\">Alfa Plus Makina, teknik destek sa\u011flar ve jenerat\u00f6rlerle ilgili herhangi bir soru veya sorun i\u00e7in sizlere yard\u0131mc\u0131 olur. Bu, telefon veya e-posta yoluyla uzaktan destek veya sahada teknik ekip g\u00f6nderme \u015feklinde olabilir.<\/h5>\n<p>[\/vc_column_text][\/vc_column][\/vc_row][vc_row css_animation=&#8221;&#8221; row_type=&#8221;row&#8221; use_row_as_full_screen_section=&#8221;no&#8221; type=&#8221;full_width&#8221; angled_section=&#8221;no&#8221; text_align=&#8221;left&#8221; background_image_as_pattern=&#8221;without_pattern&#8221; css=&#8221;.vc_custom_1684527662365{background-color: #ecebeb !important;}&#8221; z_index=&#8221;&#8221;][vc_column][vc_empty_space height=&#8221;50px&#8221;][\/vc_column][\/vc_row]<\/p>\n","protected":false},"excerpt":{"rendered":"<p>[vc_row css_animation=&#8221;&#8221; row_type=&#8221;row&#8221; use_row_as_full_screen_section=&#8221;no&#8221; type=&#8221;full_width&#8221; angled_section=&#8221;no&#8221; text_align=&#8221;left&#8221; background_image_as_pattern=&#8221;without_pattern&#8221; z_index=&#8221;&#8221;][vc_column][rev_slider_vc alias=&#8221;home-slider&#8221;][\/vc_column][\/vc_row][vc_row css_animation=&#8221;&#8221; row_type=&#8221;row&#8221; use_row_as_full_screen_section=&#8221;no&#8221; type=&#8221;grid&#8221; angled_section=&#8221;no&#8221; text_align=&#8221;center&#8221; background_image_as_pattern=&#8221;without_pattern&#8221; z_index=&#8221;&#8221; css=&#8221;.vc_custom_1515744295490{background-color: #ecebeb !important;}&#8221;][vc_column css=&#8221;.vc_custom_1515594685991{margin-top: -14% !important;}&#8221;][vc_row_inner row_type=&#8221;row&#8221; type=&#8221;full_width&#8221; text_align=&#8221;center&#8221; css_animation=&#8221;&#8221;][vc_column_inner offset=&#8221;vc_col-md-4&#8243;][qode_elements_holder number_of_columns=&#8221;one_column&#8221;][qode_elements_holder_item background_color=&#8221;#ffffff&#8221; item_padding=&#8221;13% 11% 13% 11%&#8221; advanced_animations=&#8221;no&#8221;][vc_single_image image=&#8221;305&#8243; img_size=&#8221;full&#8221; alignment=&#8221;center&#8221; qode_css_animation=&#8221;&#8221;][vc_empty_space height=&#8221;34px&#8221;][vc_column_text] Teknik Servis [\/vc_column_text][vc_empty_space height=&#8221;13px&#8221;][vc_column_text]23&#8230;<\/p>\n","protected":false},"author":1,"featured_media":0,"parent":0,"menu_order":0,"comment_status":"closed","ping_status":"closed","template":"full_width.php","meta":{"footnotes":""},"class_list":["post-4","page","type-page","status-publish","hentry"],"_links":{"self":[{"href":"https:\/\/alfaplusmakina.com\/index.php?rest_route=\/wp\/v2\/pages\/4","targetHints":{"allow":["GET"]}}],"collection":[{"href":"https:\/\/alfaplusmakina.com\/index.php?rest_route=\/wp\/v2\/pages"}],"about":[{"href":"https:\/\/alfaplusmakina.com\/index.php?rest_route=\/wp\/v2\/types\/page"}],"author":[{"embeddable":true,"href":"https:\/\/alfaplusmakina.com\/index.php?rest_route=\/wp\/v2\/users\/1"}],"replies":[{"embeddable":true,"href":"https:\/\/alfaplusmakina.com\/index.php?rest_route=%2Fwp%2Fv2%2Fcomments&post=4"}],"version-history":[{"count":18,"href":"https:\/\/alfaplusmakina.com\/index.php?rest_route=\/wp\/v2\/pages\/4\/revisions"}],"predecessor-version":[{"id":306,"href":"https:\/\/alfaplusmakina.com\/index.php?rest_route=\/wp\/v2\/pages\/4\/revisions\/306"}],"wp:attachment":[{"href":"https:\/\/alfaplusmakina.com\/index.php?rest_route=%2Fwp%2Fv2%2Fmedia&parent=4"}],"curies":[{"name":"wp","href":"https:\/\/api.w.org\/{rel}","templated":true}]}}