{"id":191,"date":"2018-01-12T10:40:16","date_gmt":"2018-01-12T10:40:16","guid":{"rendered":"http:\/\/bridge129.qodeinteractive.com\/?page_id=191"},"modified":"2023-05-19T20:46:08","modified_gmt":"2023-05-19T20:46:08","slug":"yedek-parca","status":"publish","type":"page","link":"https:\/\/alfaplusmakina.com\/?page_id=191","title":{"rendered":"Yedek Par\u00e7a"},"content":{"rendered":"<p>[vc_row css_animation=&#8221;&#8221; row_type=&#8221;row&#8221; use_row_as_full_screen_section=&#8221;no&#8221; type=&#8221;full_width&#8221; angled_section=&#8221;no&#8221; text_align=&#8221;left&#8221; background_image_as_pattern=&#8221;without_pattern&#8221;][vc_column][vc_empty_space height=&#8221;200px&#8221;][vc_column_text]<\/p>\n<h1 style=\"text-align: center;\">Yedek par\u00e7a hakk\u0131nda taraf\u0131m\u0131zdan daha detayl\u0131 bilgi alabilirsiniz.<\/h1>\n<p>[\/vc_column_text][vc_empty_space height=&#8221;200px&#8221;][\/vc_column][\/vc_row]<\/p>\n","protected":false},"excerpt":{"rendered":"<p>[vc_row css_animation=&#8221;&#8221; row_type=&#8221;row&#8221; use_row_as_full_screen_section=&#8221;no&#8221; type=&#8221;full_width&#8221; angled_section=&#8221;no&#8221; text_align=&#8221;left&#8221; background_image_as_pattern=&#8221;without_pattern&#8221;][vc_column][vc_empty_space height=&#8221;200px&#8221;][vc_column_text] Yedek par\u00e7a hakk\u0131nda taraf\u0131m\u0131zdan daha detayl\u0131 bilgi alabilirsiniz. [\/vc_column_text][vc_empty_space height=&#8221;200px&#8221;][\/vc_column][\/vc_row]<\/p>\n","protected":false},"author":1,"featured_media":0,"parent":0,"menu_order":0,"comment_status":"closed","ping_status":"closed","template":"full_width.php","meta":{"footnotes":""},"class_list":["post-191","page","type-page","status-publish","hentry"],"_links":{"self":[{"href":"https:\/\/alfaplusmakina.com\/index.php?rest_route=\/wp\/v2\/pages\/191","targetHints":{"allow":["GET"]}}],"collection":[{"href":"https:\/\/alfaplusmakina.com\/index.php?rest_route=\/wp\/v2\/pages"}],"about":[{"href":"https:\/\/alfaplusmakina.com\/index.php?rest_route=\/wp\/v2\/types\/page"}],"author":[{"embeddable":true,"href":"https:\/\/alfaplusmakina.com\/index.php?rest_route=\/wp\/v2\/users\/1"}],"replies":[{"embeddable":true,"href":"https:\/\/alfaplusmakina.com\/index.php?rest_route=%2Fwp%2Fv2%2Fcomments&post=191"}],"version-history":[{"count":3,"href":"https:\/\/alfaplusmakina.com\/index.php?rest_route=\/wp\/v2\/pages\/191\/revisions"}],"predecessor-version":[{"id":296,"href":"https:\/\/alfaplusmakina.com\/index.php?rest_route=\/wp\/v2\/pages\/191\/revisions\/296"}],"wp:attachment":[{"href":"https:\/\/alfaplusmakina.com\/index.php?rest_route=%2Fwp%2Fv2%2Fmedia&parent=191"}],"curies":[{"name":"wp","href":"https:\/\/api.w.org\/{rel}","templated":true}]}}